{"id":76,"date":"2017-05-26T08:22:43","date_gmt":"2017-05-26T08:22:43","guid":{"rendered":"http:\/\/planungsgruppe-muenchen.de\/?page_id=76"},"modified":"2026-01-24T22:24:13","modified_gmt":"2026-01-24T22:24:13","slug":"startseite","status":"publish","type":"page","link":"https:\/\/planungsgruppe-muenchen.de\/","title":{"rendered":"Startseite Planungsgruppe M\u00fcnchen"},"content":{"rendered":"<figure><img loading=\"lazy\" decoding=\"async\" class=\"alignleft\" src=\"https:\/\/planungsgruppe-muenchen.de\/wp-content\/uploads\/2024\/04\/PGM-Logo-Text.png\" sizes=\"auto, (max-width: 759px) 100vw, 759px\" srcset=\"https:\/\/planungsgruppe-muenchen.de\/wp-content\/uploads\/2024\/04\/PGM-Logo-Text.png 759w, https:\/\/planungsgruppe-muenchen.de\/wp-content\/uploads\/2024\/04\/PGM-Logo-Text-300x114.png 300w\" alt=\"\" width=\"759\" height=\"288\"><figcaption><\/figcaption><\/figure>\n<h6>&nbsp;<\/h6>\n\n\n<p><\/p>\n\n\n\n<p><\/p>\n\n\n\n<div class=\"wp-block-columns is-layout-flex wp-container-core-columns-is-layout-9d6595d7 wp-block-columns-is-layout-flex\">\n<div class=\"wp-block-column is-layout-flow wp-block-column-is-layout-flow\" style=\"flex-basis:100%\">\n<p>Fertigstellung letztes Projekt 2024<\/p>\n<\/div>\n<\/div>\n\n\n\n<h1 class=\"wp-block-heading\">B\u00fcro- und \u00c4rztehaus Erfurt<\/h1>\n\n\n\n<div class=\"wp-block-essential-blocks-slider  root-eb-slider-ywfpz\"><div class=\"eb-parent-wrapper eb-parent-eb-slider-ywfpz \"><div class=\"eb-slider-wrapper eb-slider-ywfpz\" data-blockid=\"eb-slider-ywfpz\" data-version=\"v4\" data-settings=\"eyJhcnJvd3MiOnRydWUsImFkYXB0aXZlSGVpZ2h0Ijp0cnVlLCJhdXRvcGxheSI6dHJ1ZSwiYXV0b3BsYXlTcGVlZCI6MzAwMCwiZG90cyI6ZmFsc2UsImZhZGUiOmZhbHNlLCJpbmZpbml0ZSI6ZmFsc2UsInBhdXNlT25Ib3ZlciI6dHJ1ZSwic2xpZGVzVG9TaG93IjoxLCJzcGVlZCI6NTAwLCJ2ZXJ0aWNhbCI6ZmFsc2UsImN1cnJlbnRTbGlkZSI6MCwicnRsIjpmYWxzZSwicmVzcG9uc2l2ZSI6W3siYnJlYWtwb2ludCI6MTAyNSwic2V0dGluZ3MiOnsic2xpZGVzVG9TaG93IjoxfX0seyJicmVha3BvaW50Ijo3NjcsInNldHRpbmdzIjp7InNsaWRlc1RvU2hvdyI6MX19XX0=\" data-arrownexticon=\"fas fa-arrow-alt-circle-right\" data-arrowprevicon=\"fas fa-arrow-alt-circle-left\" data-lightbox=\"false\"><div class=\"eb-slider-init eb-slider-type-image\"><div class=\"eb-slider-item content-1\" data-src=\"https:\/\/planungsgruppe-muenchen.de\/wp-content\/uploads\/2026\/01\/K640_AeH.EF_.IMG_9151.bearbeitet.jpg\"><div><img class=\"eb-slider-image\" data-lazy=\"https:\/\/planungsgruppe-muenchen.de\/wp-content\/uploads\/2026\/01\/K640_AeH.EF_.IMG_9151.bearbeitet.jpg\"\/><\/div><\/div><div class=\"eb-slider-item content-1\" data-src=\"https:\/\/planungsgruppe-muenchen.de\/wp-content\/uploads\/2026\/01\/K640_AeH.EF_.IMG_9158-bearbeitet.jpg\"><div><img class=\"eb-slider-image\" data-lazy=\"https:\/\/planungsgruppe-muenchen.de\/wp-content\/uploads\/2026\/01\/K640_AeH.EF_.IMG_9158-bearbeitet.jpg\"\/><\/div><\/div><div class=\"eb-slider-item content-1\" data-src=\"https:\/\/planungsgruppe-muenchen.de\/wp-content\/uploads\/2026\/01\/K640_AeH.EF_.IMG_9163.bearbeitet.jpg\"><div><img class=\"eb-slider-image\" data-lazy=\"https:\/\/planungsgruppe-muenchen.de\/wp-content\/uploads\/2026\/01\/K640_AeH.EF_.IMG_9163.bearbeitet.jpg\"\/><\/div><\/div><div class=\"eb-slider-item content-1\" data-src=\"https:\/\/planungsgruppe-muenchen.de\/wp-content\/uploads\/2026\/01\/K640_AeH.EF_.IMG_9167.bearbeitet.jpg\"><div><img class=\"eb-slider-image\" data-lazy=\"https:\/\/planungsgruppe-muenchen.de\/wp-content\/uploads\/2026\/01\/K640_AeH.EF_.IMG_9167.bearbeitet.jpg\"\/><\/div><\/div><div class=\"eb-slider-item content-1\" data-src=\"https:\/\/planungsgruppe-muenchen.de\/wp-content\/uploads\/2026\/01\/K640_AeH.EF_.IMG_9170.bearbeitet.jpg\"><div><img class=\"eb-slider-image\" data-lazy=\"https:\/\/planungsgruppe-muenchen.de\/wp-content\/uploads\/2026\/01\/K640_AeH.EF_.IMG_9170.bearbeitet.jpg\"\/><\/div><\/div><div class=\"eb-slider-item content-1\" data-src=\"https:\/\/planungsgruppe-muenchen.de\/wp-content\/uploads\/2026\/01\/K640_AeH.EF_.IMG_9177.bearbeitet.jpg\"><div><img class=\"eb-slider-image\" data-lazy=\"https:\/\/planungsgruppe-muenchen.de\/wp-content\/uploads\/2026\/01\/K640_AeH.EF_.IMG_9177.bearbeitet.jpg\"\/><\/div><\/div><div class=\"eb-slider-item content-1\" data-src=\"https:\/\/planungsgruppe-muenchen.de\/wp-content\/uploads\/2026\/01\/K640_AeH.EF_.IMG_9185.bearbeitet.jpg\"><div><img class=\"eb-slider-image\" data-lazy=\"https:\/\/planungsgruppe-muenchen.de\/wp-content\/uploads\/2026\/01\/K640_AeH.EF_.IMG_9185.bearbeitet.jpg\"\/><\/div><\/div><div class=\"eb-slider-item content-1\" data-src=\"https:\/\/planungsgruppe-muenchen.de\/wp-content\/uploads\/2026\/01\/K640_AeH.EF_.IMG_9186.bearbeitet.jpg\"><div><img class=\"eb-slider-image\" data-lazy=\"https:\/\/planungsgruppe-muenchen.de\/wp-content\/uploads\/2026\/01\/K640_AeH.EF_.IMG_9186.bearbeitet.jpg\"\/><\/div><\/div><div class=\"eb-slider-item content-1\" data-src=\"https:\/\/planungsgruppe-muenchen.de\/wp-content\/uploads\/2026\/01\/K640_AeH.EF_.IMG_9192.bearbeitet.jpg\"><div><img class=\"eb-slider-image\" data-lazy=\"https:\/\/planungsgruppe-muenchen.de\/wp-content\/uploads\/2026\/01\/K640_AeH.EF_.IMG_9192.bearbeitet.jpg\"\/><\/div><\/div><div class=\"eb-slider-item content-1\" data-src=\"https:\/\/planungsgruppe-muenchen.de\/wp-content\/uploads\/2026\/01\/K640_AeH.EF_.IMG_9196.bearbeitet.jpg\"><div><img class=\"eb-slider-image\" data-lazy=\"https:\/\/planungsgruppe-muenchen.de\/wp-content\/uploads\/2026\/01\/K640_AeH.EF_.IMG_9196.bearbeitet.jpg\"\/><\/div><\/div><div class=\"eb-slider-item content-1\" data-src=\"https:\/\/planungsgruppe-muenchen.de\/wp-content\/uploads\/2026\/01\/K640_AeH.EF_.IMG_9221.bearbeitet.jpg\"><div><img class=\"eb-slider-image\" data-lazy=\"https:\/\/planungsgruppe-muenchen.de\/wp-content\/uploads\/2026\/01\/K640_AeH.EF_.IMG_9221.bearbeitet.jpg\"\/><\/div><\/div><div class=\"eb-slider-item content-1\" data-src=\"https:\/\/planungsgruppe-muenchen.de\/wp-content\/uploads\/2026\/01\/K640_AeH.EF_.IMG_9390.bearbeitet.jpg\"><div><img class=\"eb-slider-image\" data-lazy=\"https:\/\/planungsgruppe-muenchen.de\/wp-content\/uploads\/2026\/01\/K640_AeH.EF_.IMG_9390.bearbeitet.jpg\"\/><\/div><\/div><div class=\"eb-slider-item content-1\" data-src=\"https:\/\/planungsgruppe-muenchen.de\/wp-content\/uploads\/2026\/01\/K640_AeH.EF_.IMG_9404.bearbeitet.jpg\"><div><img class=\"eb-slider-image\" data-lazy=\"https:\/\/planungsgruppe-muenchen.de\/wp-content\/uploads\/2026\/01\/K640_AeH.EF_.IMG_9404.bearbeitet.jpg\"\/><\/div><\/div><div class=\"eb-slider-item content-1\" data-src=\"https:\/\/planungsgruppe-muenchen.de\/wp-content\/uploads\/2026\/01\/K640_AeH.EF_.IMG_9411.bearbeitet.jpg\"><div><img class=\"eb-slider-image\" data-lazy=\"https:\/\/planungsgruppe-muenchen.de\/wp-content\/uploads\/2026\/01\/K640_AeH.EF_.IMG_9411.bearbeitet.jpg\"\/><\/div><\/div><div class=\"eb-slider-item content-1\" data-src=\"https:\/\/planungsgruppe-muenchen.de\/wp-content\/uploads\/2026\/01\/K640_AeH.EF_.IMG_9413.bearbeitet.jpg\"><div><img class=\"eb-slider-image\" data-lazy=\"https:\/\/planungsgruppe-muenchen.de\/wp-content\/uploads\/2026\/01\/K640_AeH.EF_.IMG_9413.bearbeitet.jpg\"\/><\/div><\/div><div class=\"eb-slider-item content-1\" data-src=\"https:\/\/planungsgruppe-muenchen.de\/wp-content\/uploads\/2026\/01\/K640_AeH.EF_.INN_.IMG_9428.bearbeitet.jpg\"><div><img class=\"eb-slider-image\" data-lazy=\"https:\/\/planungsgruppe-muenchen.de\/wp-content\/uploads\/2026\/01\/K640_AeH.EF_.INN_.IMG_9428.bearbeitet.jpg\"\/><\/div><\/div><div class=\"eb-slider-item content-1\" data-src=\"https:\/\/planungsgruppe-muenchen.de\/wp-content\/uploads\/2026\/01\/K640_AeH.EF_.INNEN_.222.bearbeitet.jpg\"><div><img class=\"eb-slider-image\" data-lazy=\"https:\/\/planungsgruppe-muenchen.de\/wp-content\/uploads\/2026\/01\/K640_AeH.EF_.INNEN_.222.bearbeitet.jpg\"\/><\/div><\/div><div class=\"eb-slider-item content-1\" data-src=\"https:\/\/planungsgruppe-muenchen.de\/wp-content\/uploads\/2026\/01\/K640_AeH.EF_.INNEN_.IMG_9204.bearbeitet.jpg\"><div><img class=\"eb-slider-image\" data-lazy=\"https:\/\/planungsgruppe-muenchen.de\/wp-content\/uploads\/2026\/01\/K640_AeH.EF_.INNEN_.IMG_9204.bearbeitet.jpg\"\/><\/div><\/div><div class=\"eb-slider-item content-1\" data-src=\"https:\/\/planungsgruppe-muenchen.de\/wp-content\/uploads\/2026\/01\/K640_AeH.EF_.INNEN_.IMG_9206.bearbeitet.jpg\"><div><img class=\"eb-slider-image\" data-lazy=\"https:\/\/planungsgruppe-muenchen.de\/wp-content\/uploads\/2026\/01\/K640_AeH.EF_.INNEN_.IMG_9206.bearbeitet.jpg\"\/><\/div><\/div><div class=\"eb-slider-item content-1\" data-src=\"https:\/\/planungsgruppe-muenchen.de\/wp-content\/uploads\/2026\/01\/K640_AeH.EF_.INNEN_.IMG_9212.bearbeitet.jpg\"><div><img class=\"eb-slider-image\" data-lazy=\"https:\/\/planungsgruppe-muenchen.de\/wp-content\/uploads\/2026\/01\/K640_AeH.EF_.INNEN_.IMG_9212.bearbeitet.jpg\"\/><\/div><\/div><div class=\"eb-slider-item content-1\" data-src=\"https:\/\/planungsgruppe-muenchen.de\/wp-content\/uploads\/2026\/01\/K640_AeH.EF_.INNEN_.IMG_9213.bearbeitet.jpg\"><div><img class=\"eb-slider-image\" data-lazy=\"https:\/\/planungsgruppe-muenchen.de\/wp-content\/uploads\/2026\/01\/K640_AeH.EF_.INNEN_.IMG_9213.bearbeitet.jpg\"\/><\/div><\/div><div class=\"eb-slider-item content-1\" data-src=\"https:\/\/planungsgruppe-muenchen.de\/wp-content\/uploads\/2026\/01\/K640_AeH.EF_.INNEN_.IMG_9214.bearbeitet-Kopie-1.jpg\"><div><img class=\"eb-slider-image\" data-lazy=\"https:\/\/planungsgruppe-muenchen.de\/wp-content\/uploads\/2026\/01\/K640_AeH.EF_.INNEN_.IMG_9214.bearbeitet-Kopie-1.jpg\"\/><\/div><\/div><div class=\"eb-slider-item content-1\" data-src=\"https:\/\/planungsgruppe-muenchen.de\/wp-content\/uploads\/2026\/01\/K640_AeH.EF_.INNEN_.IMG_9246.bearbeitet.jpg\"><div><img class=\"eb-slider-image\" data-lazy=\"https:\/\/planungsgruppe-muenchen.de\/wp-content\/uploads\/2026\/01\/K640_AeH.EF_.INNEN_.IMG_9246.bearbeitet.jpg\"\/><\/div><\/div><div class=\"eb-slider-item content-1\" data-src=\"https:\/\/planungsgruppe-muenchen.de\/wp-content\/uploads\/2026\/01\/K640_AeH.EF_.INNEN_.IMG_9414.bearbeitet.jpg\"><div><img class=\"eb-slider-image\" data-lazy=\"https:\/\/planungsgruppe-muenchen.de\/wp-content\/uploads\/2026\/01\/K640_AeH.EF_.INNEN_.IMG_9414.bearbeitet.jpg\"\/><\/div><\/div><div class=\"eb-slider-item content-1\" data-src=\"https:\/\/planungsgruppe-muenchen.de\/wp-content\/uploads\/2026\/01\/K640_AeH.EF_.INNEN_.IMG_9416.bearbeitet.jpg\"><div><img class=\"eb-slider-image\" data-lazy=\"https:\/\/planungsgruppe-muenchen.de\/wp-content\/uploads\/2026\/01\/K640_AeH.EF_.INNEN_.IMG_9416.bearbeitet.jpg\"\/><\/div><\/div><div class=\"eb-slider-item content-1\" data-src=\"https:\/\/planungsgruppe-muenchen.de\/wp-content\/uploads\/2026\/01\/K640_AeH.EF_.INNEN_.IMG_9417.bearbeitet.jpg\"><div><img class=\"eb-slider-image\" data-lazy=\"https:\/\/planungsgruppe-muenchen.de\/wp-content\/uploads\/2026\/01\/K640_AeH.EF_.INNEN_.IMG_9417.bearbeitet.jpg\"\/><\/div><\/div><div class=\"eb-slider-item content-1\" data-src=\"https:\/\/planungsgruppe-muenchen.de\/wp-content\/uploads\/2026\/01\/K640_AeH.EF_.INNEN_.IMG_9418.bearbeitet.jpg\"><div><img class=\"eb-slider-image\" data-lazy=\"https:\/\/planungsgruppe-muenchen.de\/wp-content\/uploads\/2026\/01\/K640_AeH.EF_.INNEN_.IMG_9418.bearbeitet.jpg\"\/><\/div><\/div><div class=\"eb-slider-item content-1\" data-src=\"https:\/\/planungsgruppe-muenchen.de\/wp-content\/uploads\/2026\/01\/K640_AeH.EF_.INNEN_.IMG_9420.bearbeitet.jpg\"><div><img class=\"eb-slider-image\" data-lazy=\"https:\/\/planungsgruppe-muenchen.de\/wp-content\/uploads\/2026\/01\/K640_AeH.EF_.INNEN_.IMG_9420.bearbeitet.jpg\"\/><\/div><\/div><div class=\"eb-slider-item content-1\" data-src=\"https:\/\/planungsgruppe-muenchen.de\/wp-content\/uploads\/2026\/01\/K640_AeH.EF_.INNEN_.IMG_9427.bearbeitet.jpg\"><div><img class=\"eb-slider-image\" data-lazy=\"https:\/\/planungsgruppe-muenchen.de\/wp-content\/uploads\/2026\/01\/K640_AeH.EF_.INNEN_.IMG_9427.bearbeitet.jpg\"\/><\/div><\/div><div class=\"eb-slider-item content-1\" data-src=\"https:\/\/planungsgruppe-muenchen.de\/wp-content\/uploads\/2026\/01\/K640_AeH.EFIMG_9183.bearbeitet.2.jpg\"><div><img class=\"eb-slider-image\" data-lazy=\"https:\/\/planungsgruppe-muenchen.de\/wp-content\/uploads\/2026\/01\/K640_AeH.EFIMG_9183.bearbeitet.2.jpg\"\/><\/div><\/div><div class=\"eb-slider-item content-1\" data-src=\"https:\/\/planungsgruppe-muenchen.de\/wp-content\/uploads\/2026\/01\/AeH.EF_.INNEN_.IMG_9414.bearbeitet-scaled.jpg\"><div><img class=\"eb-slider-image\" data-lazy=\"https:\/\/planungsgruppe-muenchen.de\/wp-content\/uploads\/2026\/01\/AeH.EF_.INNEN_.IMG_9414.bearbeitet-scaled.jpg\"\/><\/div><\/div><div class=\"eb-slider-item content-1\" data-src=\"https:\/\/planungsgruppe-muenchen.de\/wp-content\/uploads\/2026\/01\/K640_AeRZTEHAUS-ERFTURT.jpg\"><div><img class=\"eb-slider-image\" data-lazy=\"https:\/\/planungsgruppe-muenchen.de\/wp-content\/uploads\/2026\/01\/K640_AeRZTEHAUS-ERFTURT.jpg\"\/><\/div><\/div><div class=\"eb-slider-item content-1\" data-src=\"https:\/\/planungsgruppe-muenchen.de\/wp-content\/uploads\/2026\/01\/AeH.EF_.IMG_9167.bearbeitet-scaled.jpg\"><div><img class=\"eb-slider-image\" data-lazy=\"https:\/\/planungsgruppe-muenchen.de\/wp-content\/uploads\/2026\/01\/AeH.EF_.IMG_9167.bearbeitet-scaled.jpg\"\/><\/div><\/div><div class=\"eb-slider-item content-1\" data-src=\"https:\/\/planungsgruppe-muenchen.de\/wp-content\/uploads\/2026\/01\/AeH.EF_.IMG_9192.bearbeitet-Kopie-scaled.jpg\"><div><img class=\"eb-slider-image\" data-lazy=\"https:\/\/planungsgruppe-muenchen.de\/wp-content\/uploads\/2026\/01\/AeH.EF_.IMG_9192.bearbeitet-Kopie-scaled.jpg\"\/><\/div><\/div><div class=\"eb-slider-item content-1\" data-src=\"https:\/\/planungsgruppe-muenchen.de\/wp-content\/uploads\/2026\/01\/AeH.EF_.5_20250616-scaled.jpg\"><div><img class=\"eb-slider-image\" data-lazy=\"https:\/\/planungsgruppe-muenchen.de\/wp-content\/uploads\/2026\/01\/AeH.EF_.5_20250616-scaled.jpg\"\/><\/div><\/div><div class=\"eb-slider-item content-1\" data-src=\"https:\/\/planungsgruppe-muenchen.de\/wp-content\/uploads\/2026\/01\/AeH.EF_.20250616-scaled.jpg\"><div><img class=\"eb-slider-image\" data-lazy=\"https:\/\/planungsgruppe-muenchen.de\/wp-content\/uploads\/2026\/01\/AeH.EF_.20250616-scaled.jpg\"\/><\/div><\/div><div class=\"eb-slider-item content-1\" data-src=\"https:\/\/planungsgruppe-muenchen.de\/wp-content\/uploads\/2026\/01\/AeH.EF_._20250616-scaled.jpg\"><div><img class=\"eb-slider-image\" data-lazy=\"https:\/\/planungsgruppe-muenchen.de\/wp-content\/uploads\/2026\/01\/AeH.EF_._20250616-scaled.jpg\"\/><\/div><\/div><div class=\"eb-slider-item content-1\" data-src=\"https:\/\/planungsgruppe-muenchen.de\/wp-content\/uploads\/2026\/01\/K640_AeH.EFIMG_9183.bearbeitet.jpg\"><div><img class=\"eb-slider-image\" data-lazy=\"https:\/\/planungsgruppe-muenchen.de\/wp-content\/uploads\/2026\/01\/K640_AeH.EFIMG_9183.bearbeitet.jpg\"\/><\/div><\/div><\/div><\/div><\/div><\/div>\n\n\n\n<p>Projekte:<\/p>\n\n\n\n<p><a href=\"https:\/\/planungsgruppe-muenchen.de\/?page_id=142\" target=\"_blank\" rel=\"noopener\"><br>Umbau<br><\/a><a href=\"https:\/\/planungsgruppe-muenchen.de\/?page_id=140\" target=\"_blank\" rel=\"noopener\"><br>Neubau<br><\/a><a href=\"https:\/\/planungsgruppe-muenchen.de\/?page_id=144\"><br>\u00d6ffentliche Innenarchitektur<br><\/a><\/p>\n\n\n\n<p class=\"has-text-align-left\">Zielgruppe<\/p>\n\n\n\n<ul class=\"wp-block-list\">\n<li>\u00d6ffentliche Hand \u2013 Kommunen<\/li>\n\n\n\n<li>Kirchliche Bauherrn<\/li>\n\n\n\n<li>Caritative Einrichtungen<\/li>\n\n\n\n<li>Wohnungsbaugesellschaften<\/li>\n\n\n\n<li>Bautr\u00e4ger<\/li>\n\n\n\n<li>Private Bauherrn<\/li>\n\n\n\n<li>Gewerbliche Bauherrn<\/li>\n<\/ul>\n\n\n\n<p><\/p>\n","protected":false},"excerpt":{"rendered":"<p>&nbsp; Fertigstellung letztes Projekt 2024 B\u00fcro- und \u00c4rztehaus Erfurt Projekte: UmbauNeubau\u00d6ffentliche Innenarchitektur Zielgruppe<\/p>\n","protected":false},"author":1,"featured_media":0,"parent":0,"menu_order":0,"comment_status":"closed","ping_status":"closed","template":"","meta":{"_eb_attr":"","ngg_post_thumbnail":0,"ocean_post_layout":"right-sidebar","ocean_both_sidebars_style":"","ocean_both_sidebars_content_width":0,"ocean_both_sidebars_sidebars_width":0,"ocean_sidebar":"sidebar","ocean_second_sidebar":"","ocean_disable_margins":"enable","ocean_add_body_class":"","ocean_shortcode_before_top_bar":"","ocean_shortcode_after_top_bar":"","ocean_shortcode_before_header":"","ocean_shortcode_after_header":"","ocean_has_shortcode":"","ocean_shortcode_after_title":"","ocean_shortcode_before_footer_widgets":"","ocean_shortcode_after_footer_widgets":"","ocean_shortcode_before_footer_bottom":"","ocean_shortcode_after_footer_bottom":"","ocean_display_top_bar":"on","ocean_display_header":"on","ocean_header_style":"custom","ocean_center_header_left_menu":"","ocean_custom_header_template":"","ocean_custom_logo":311,"ocean_custom_retina_logo":279,"ocean_custom_logo_max_width":0,"ocean_custom_logo_tablet_max_width":0,"ocean_custom_logo_mobile_max_width":0,"ocean_custom_logo_max_height":0,"ocean_custom_logo_tablet_max_height":0,"ocean_custom_logo_mobile_max_height":0,"ocean_header_custom_menu":"","ocean_menu_typo_font_family":"","ocean_menu_typo_font_subset":"","ocean_menu_typo_font_size":0,"ocean_menu_typo_font_size_tablet":0,"ocean_menu_typo_font_size_mobile":0,"ocean_menu_typo_font_size_unit":"px","ocean_menu_typo_font_weight":"","ocean_menu_typo_font_weight_tablet":"","ocean_menu_typo_font_weight_mobile":"","ocean_menu_typo_transform":"","ocean_menu_typo_transform_tablet":"","ocean_menu_typo_transform_mobile":"","ocean_menu_typo_line_height":0,"ocean_menu_typo_line_height_tablet":0,"ocean_menu_typo_line_height_mobile":0,"ocean_menu_typo_line_height_unit":"","ocean_menu_typo_spacing":0,"ocean_menu_typo_spacing_tablet":0,"ocean_menu_typo_spacing_mobile":0,"ocean_menu_typo_spacing_unit":"","ocean_menu_link_color":"","ocean_menu_link_color_hover":"","ocean_menu_link_color_active":"","ocean_menu_link_background":"","ocean_menu_link_hover_background":"","ocean_menu_link_active_background":"","ocean_menu_social_links_bg":"","ocean_menu_social_hover_links_bg":"","ocean_menu_social_links_color":"","ocean_menu_social_hover_links_color":"","ocean_disable_title":"enable","ocean_disable_heading":"default","ocean_post_title":"","ocean_post_subheading":"","ocean_post_title_style":"solid-color","ocean_post_title_background_color":"#EFEBE0","ocean_post_title_background":0,"ocean_post_title_bg_image_position":"","ocean_post_title_bg_image_attachment":"","ocean_post_title_bg_image_repeat":"","ocean_post_title_bg_image_size":"","ocean_post_title_height":0,"ocean_post_title_bg_overlay":0.5,"ocean_post_title_bg_overlay_color":"","ocean_disable_breadcrumbs":"default","ocean_breadcrumbs_color":"","ocean_breadcrumbs_separator_color":"","ocean_breadcrumbs_links_color":"","ocean_breadcrumbs_links_hover_color":"","ocean_display_footer_widgets":"on","ocean_display_footer_bottom":"on","ocean_custom_footer_template":"","footnotes":""},"class_list":["post-76","page","type-page","status-publish","hentry","entry"],"aioseo_notices":[],"_links":{"self":[{"href":"https:\/\/planungsgruppe-muenchen.de\/index.php?rest_route=\/wp\/v2\/pages\/76","targetHints":{"allow":["GET"]}}],"collection":[{"href":"https:\/\/planungsgruppe-muenchen.de\/index.php?rest_route=\/wp\/v2\/pages"}],"about":[{"href":"https:\/\/planungsgruppe-muenchen.de\/index.php?rest_route=\/wp\/v2\/types\/page"}],"author":[{"embeddable":true,"href":"https:\/\/planungsgruppe-muenchen.de\/index.php?rest_route=\/wp\/v2\/users\/1"}],"replies":[{"embeddable":true,"href":"https:\/\/planungsgruppe-muenchen.de\/index.php?rest_route=%2Fwp%2Fv2%2Fcomments&post=76"}],"version-history":[{"count":6,"href":"https:\/\/planungsgruppe-muenchen.de\/index.php?rest_route=\/wp\/v2\/pages\/76\/revisions"}],"predecessor-version":[{"id":822,"href":"https:\/\/planungsgruppe-muenchen.de\/index.php?rest_route=\/wp\/v2\/pages\/76\/revisions\/822"}],"wp:attachment":[{"href":"https:\/\/planungsgruppe-muenchen.de\/index.php?rest_route=%2Fwp%2Fv2%2Fmedia&parent=76"}],"curies":[{"name":"wp","href":"https:\/\/api.w.org\/{rel}","templated":true}]}}