{"id":2,"date":"2016-05-10T03:48:21","date_gmt":"2016-05-10T03:48:21","guid":{"rendered":"http:\/\/planungsgruppe-muenchen.de\/?page_id=2"},"modified":"2025-02-18T16:54:32","modified_gmt":"2025-02-18T16:54:32","slug":"sample-page","status":"publish","type":"page","link":"https:\/\/planungsgruppe-muenchen.de\/?page_id=2","title":{"rendered":"Philosophie"},"content":{"rendered":"<img loading=\"lazy\" decoding=\"async\" width=\"300\" height=\"114\" src=\"https:\/\/planungsgruppe-muenchen.de\/wp-content\/uploads\/2024\/04\/PGM-Logo-Text-3-300x114.jpg\" alt=\"\" srcset=\"https:\/\/planungsgruppe-muenchen.de\/wp-content\/uploads\/2024\/04\/PGM-Logo-Text-3-300x114.jpg 300w, https:\/\/planungsgruppe-muenchen.de\/wp-content\/uploads\/2024\/04\/PGM-Logo-Text-3.jpg 759w\" sizes=\"auto, (max-width: 300px) 100vw, 300px\" \/>\t\t\t\t\t\t\t\t\t\t\t\t\t\n\t\t<p><\/p>\n<p>Planungssicherheit f\u00fcr Ihr Projekt durch unsere starke Gemeinschaft.<br \/>Als Ihr zuverl\u00e4ssiger Partner bietet unser Ingenieurverbund<br \/><b>Planungsgruppe M\u00fcnchen\u00a0 <\/b>durch geb\u00fcndeltes Know-How<br \/>individuelle, realisierbare und kostenbewusste L\u00f6sungen.<\/p>\n<p>\u00a0<\/p>\n<p><b>Wer wir sind.<\/b><\/p>\n<p>Die <b>Planungs-Gruppe M\u00fcnchen<\/b> ist eine <b><i>Freie Arbeitsgemeinschaft selbstst\u00e4ndig t\u00e4tiger Architekten, Innenarchitekten und Ingenieure.<\/i><\/b><\/p>\n<p>Die <b>Planungs-Gruppe M\u00fcnchen<\/b> versteht sich als Netzwerk von Fachleuten mit unterschiedlichen Kompetenzen und Spezialisierungen der einzelnen Mitgliedern.<\/p>\n<p>Die B\u00fcndelung des Know-Hows jedes Einzelnen erm\u00f6glicht uns, optimale Ergebnisse f\u00fcr Ihre Bauaufgabe zu erzielen, die der Komplexit\u00e4t vieler Bauaufgaben sowie vielf\u00e4ltigen Nutzungsanforderungen gerecht werden.<\/p>\n<p>Die Mitglieder der <b>Planungs-Gruppe M\u00fcnchen <\/b>arbeiten von der Konzeptphase bis zur Realisierung in enger Absprache und im Dialog mit dem Bauherren zusammen, um somit einen optimierten Informationsfluss im Projekt zu sichern.<\/p>\n<p>Jedes Bauvorhaben wird von einem der Mitglieder der <b>Planungs-Gruppe M\u00fcnchen<\/b> pers\u00f6nlich betreut, der zugleich auch Ansprechpartner f\u00fcr das gesamte Projekt ist und die Einhaltung von Kosten und Terminen kontrolliert.<\/p>\n<p>F\u00fcr die Beauftragung stehen unseren Bauherren generell <b>2 Handlungsoptionen <\/b>zur Verf\u00fcgung:<\/p><p><strong>Option 1<\/strong><\/p>\n<p>Der Bauherr geht bei einem Vertragsverh\u00e4ltnis einen Architektenvertrag mit <strong>einem<\/strong> <strong>der Partner<\/strong> ein.<\/p>\n<p>\u00a0<\/p>\n<p>Im Binnenverh\u00e4ltnis k\u00f6nnen Subunternehmer-Vertr\u00e4ge geschlossen werden, zur gegenseitigen rechtlichen Absicherung der Partner.<\/p><p><strong>Option 2<\/strong><\/p>\n<p>Der Bauherr geht bei einem Vertragsverh\u00e4ltnis einen Architektenvertrag mit einer<strong> Projektbezogenen Arbeitsgemeinschaft<\/strong> ein.<\/p>\t\t\n\t\t\t\t\t\t\t\t\t\t\t\t\t<img loading=\"lazy\" decoding=\"async\" width=\"277\" height=\"317\" src=\"https:\/\/planungsgruppe-muenchen.de\/wp-content\/uploads\/2025\/02\/Option-12hand-2025-02-18-170529-1.jpg\" alt=\"\" srcset=\"https:\/\/planungsgruppe-muenchen.de\/wp-content\/uploads\/2025\/02\/Option-12hand-2025-02-18-170529-1.jpg 277w, https:\/\/planungsgruppe-muenchen.de\/wp-content\/uploads\/2025\/02\/Option-12hand-2025-02-18-170529-1-262x300.jpg 262w\" sizes=\"auto, (max-width: 277px) 100vw, 277px\" \/>\t\t\t\t\t\t\t\t\t\t\t\t\t\n\t\t<p>\u00a0<\/p>\n<p><strong>Ansprechpartner f\u00fcr den Bauherrn und Hauptkoordinator bleibt der \u201eerste\u201c Auftragsnehmer.<\/strong> (Subunternehmer werden als Teil des Netzwerkes genannt)<\/p><p>\u00a0<\/p>\n<p>Jeder einzelne Partner der<b> Planungs-Gruppe M\u00fcnchen<\/b> ist nach wie vor wirtschaftlich und rechtlich seine eigene Einheit\u00a0 &#8211; also alleinverantwortlich handelnd. Aus der Kooperationspartnerschaft leitet sich weder eine Verpflichtung noch eine rechtskr\u00e4ftige Gesellschaftsform f\u00fcr den jeweiligen Kooperationspartner im Binnenverh\u00e4ltnis ab.<\/p>\t\t\n\t\t\t\t\t\t\t\t\t\t\t\t\t<img loading=\"lazy\" decoding=\"async\" width=\"265\" height=\"297\" src=\"https:\/\/planungsgruppe-muenchen.de\/wp-content\/uploads\/2025\/02\/Zielgruppe-2025-02-18-174302.jpg\" alt=\"\" \/>\t\t\t\t\t\t\t\t\t\t\t\t\t\n\t\t<p><b>An Welche Zielgruppen richten wir uns?<\/b><\/p>\n<ul>\n<li>\u00d6ffentliche Hand \u2013 Kommunen<\/li>\n<li>Kirchliche Bauherrn<\/li>\n<li>Caritative Einrichtungen<\/li>\n<li>Wohnungsbaugesellschaften<\/li>\n<li>Bautr\u00e4ger<\/li>\n<li>Private Bauherrn<\/li>\n<li>Gewerbliche Bauherrn\u00a0\n<ul>\n<li>u.a. \u00c4rzte<\/li>\n<\/ul>\n<\/li>\n<\/ul>","protected":false},"excerpt":{"rendered":"<p>Planungssicherheit f\u00fcr Ihr Projekt durch unsere starke Gemeinschaft.Als Ihr zuverl\u00e4ssiger Partner bietet unser IngenieurverbundPlanungsgruppe M\u00fcnchen\u00a0 durch geb\u00fcndeltes Know-Howindividuelle, realisierbare und kostenbewusste L\u00f6sungen. \u00a0 Wer wir sind. Die Planungs-Gruppe M\u00fcnchen ist eine Freie Arbeitsgemeinschaft selbstst\u00e4ndig t\u00e4tiger Architekten, Innenarchitekten und Ingenieure. Die Planungs-Gruppe M\u00fcnchen versteht sich als Netzwerk von Fachleuten mit unterschiedlichen Kompetenzen und Spezialisierungen der einzelnen [&hellip;]<\/p>\n","protected":false},"author":1,"featured_media":0,"parent":0,"menu_order":0,"comment_status":"closed","ping_status":"open","template":"","meta":{"_eb_attr":"","ngg_post_thumbnail":0,"ocean_post_layout":"","ocean_both_sidebars_style":"","ocean_both_sidebars_content_width":0,"ocean_both_sidebars_sidebars_width":0,"ocean_sidebar":"","ocean_second_sidebar":"","ocean_disable_margins":"enable","ocean_add_body_class":"","ocean_shortcode_before_top_bar":"","ocean_shortcode_after_top_bar":"","ocean_shortcode_before_header":"","ocean_shortcode_after_header":"","ocean_has_shortcode":"","ocean_shortcode_after_title":"","ocean_shortcode_before_footer_widgets":"","ocean_shortcode_after_footer_widgets":"","ocean_shortcode_before_footer_bottom":"","ocean_shortcode_after_footer_bottom":"","ocean_display_top_bar":"default","ocean_display_header":"off","ocean_header_style":"","ocean_center_header_left_menu":"","ocean_custom_header_template":"","ocean_custom_logo":308,"ocean_custom_retina_logo":0,"ocean_custom_logo_max_width":0,"ocean_custom_logo_tablet_max_width":0,"ocean_custom_logo_mobile_max_width":0,"ocean_custom_logo_max_height":0,"ocean_custom_logo_tablet_max_height":0,"ocean_custom_logo_mobile_max_height":0,"ocean_header_custom_menu":"","ocean_menu_typo_font_family":"","ocean_menu_typo_font_subset":"","ocean_menu_typo_font_size":0,"ocean_menu_typo_font_size_tablet":0,"ocean_menu_typo_font_size_mobile":0,"ocean_menu_typo_font_size_unit":"px","ocean_menu_typo_font_weight":"","ocean_menu_typo_font_weight_tablet":"","ocean_menu_typo_font_weight_mobile":"","ocean_menu_typo_transform":"","ocean_menu_typo_transform_tablet":"","ocean_menu_typo_transform_mobile":"","ocean_menu_typo_line_height":0,"ocean_menu_typo_line_height_tablet":0,"ocean_menu_typo_line_height_mobile":0,"ocean_menu_typo_line_height_unit":"","ocean_menu_typo_spacing":0,"ocean_menu_typo_spacing_tablet":0,"ocean_menu_typo_spacing_mobile":0,"ocean_menu_typo_spacing_unit":"","ocean_menu_link_color":"","ocean_menu_link_color_hover":"","ocean_menu_link_color_active":"","ocean_menu_link_background":"","ocean_menu_link_hover_background":"","ocean_menu_link_active_background":"","ocean_menu_social_links_bg":"","ocean_menu_social_hover_links_bg":"","ocean_menu_social_links_color":"","ocean_menu_social_hover_links_color":"","ocean_disable_title":"default","ocean_disable_heading":"default","ocean_post_title":"","ocean_post_subheading":"","ocean_post_title_style":"","ocean_post_title_background_color":"","ocean_post_title_background":0,"ocean_post_title_bg_image_position":"","ocean_post_title_bg_image_attachment":"","ocean_post_title_bg_image_repeat":"","ocean_post_title_bg_image_size":"","ocean_post_title_height":0,"ocean_post_title_bg_overlay":0.5,"ocean_post_title_bg_overlay_color":"","ocean_disable_breadcrumbs":"default","ocean_breadcrumbs_color":"","ocean_breadcrumbs_separator_color":"","ocean_breadcrumbs_links_color":"","ocean_breadcrumbs_links_hover_color":"","ocean_display_footer_widgets":"off","ocean_display_footer_bottom":"off","ocean_custom_footer_template":"","footnotes":""},"class_list":["post-2","page","type-page","status-publish","hentry","entry"],"aioseo_notices":[],"_links":{"self":[{"href":"https:\/\/planungsgruppe-muenchen.de\/index.php?rest_route=\/wp\/v2\/pages\/2","targetHints":{"allow":["GET"]}}],"collection":[{"href":"https:\/\/planungsgruppe-muenchen.de\/index.php?rest_route=\/wp\/v2\/pages"}],"about":[{"href":"https:\/\/planungsgruppe-muenchen.de\/index.php?rest_route=\/wp\/v2\/types\/page"}],"author":[{"embeddable":true,"href":"https:\/\/planungsgruppe-muenchen.de\/index.php?rest_route=\/wp\/v2\/users\/1"}],"replies":[{"embeddable":true,"href":"https:\/\/planungsgruppe-muenchen.de\/index.php?rest_route=%2Fwp%2Fv2%2Fcomments&post=2"}],"version-history":[{"count":0,"href":"https:\/\/planungsgruppe-muenchen.de\/index.php?rest_route=\/wp\/v2\/pages\/2\/revisions"}],"wp:attachment":[{"href":"https:\/\/planungsgruppe-muenchen.de\/index.php?rest_route=%2Fwp%2Fv2%2Fmedia&parent=2"}],"curies":[{"name":"wp","href":"https:\/\/api.w.org\/{rel}","templated":true}]}}