{"id":10,"date":"2017-05-26T07:46:29","date_gmt":"2017-05-26T07:46:29","guid":{"rendered":"http:\/\/planungsgruppe-muenchen.de\/?page_id=10"},"modified":"2025-02-17T23:40:34","modified_gmt":"2025-02-17T23:40:34","slug":"referenzprojekte","status":"publish","type":"page","link":"https:\/\/planungsgruppe-muenchen.de\/?page_id=10","title":{"rendered":"Referenzprojekte"},"content":{"rendered":"<img loading=\"lazy\" decoding=\"async\" width=\"300\" height=\"114\" src=\"https:\/\/planungsgruppe-muenchen.de\/wp-content\/uploads\/2024\/04\/PGM-Logo-Text-3-300x114.jpg\" alt=\"\" srcset=\"https:\/\/planungsgruppe-muenchen.de\/wp-content\/uploads\/2024\/04\/PGM-Logo-Text-3-300x114.jpg 300w, https:\/\/planungsgruppe-muenchen.de\/wp-content\/uploads\/2024\/04\/PGM-Logo-Text-3.jpg 759w\" sizes=\"auto, (max-width: 300px) 100vw, 300px\" \/>\t\t\t\t\t\t\t\t\t\t\t\t\t\n\t\t\n<p>Hier sehen Sie eine Auswahl an Projekten und Referenzen der Planungs-Gruppe M\u00fcnchen.<\/p>\n\n\n<p>Diese hier sehr knapp und \u00fcbersichtlich dargestellte Projektauswahl dient Ihnen zur \u00dcbersicht \u00fcber unsere Arbeit. <\/p>\n\n\n<p><\/p>\n\n\n<p><\/p>\n\t\t\n\t\t\t\t\t\t\t\t\t\t<figure>\n\t\t\t\t\t\t\t\t\t\t\t<a href=\"https:\/\/planungsgruppe-muenchen.de\/?page_id=140\">\n\t\t\t\t\t\t\t<img loading=\"lazy\" decoding=\"async\" width=\"638\" height=\"480\" src=\"https:\/\/planungsgruppe-muenchen.de\/wp-content\/uploads\/2025\/02\/K640_1000041467-02.jpg\" alt=\"\" srcset=\"https:\/\/planungsgruppe-muenchen.de\/wp-content\/uploads\/2025\/02\/K640_1000041467-02.jpg 638w, https:\/\/planungsgruppe-muenchen.de\/wp-content\/uploads\/2025\/02\/K640_1000041467-02-300x226.jpg 300w\" sizes=\"auto, (max-width: 638px) 100vw, 638px\" \/>\t\t\t\t\t\t\t\t<\/a>\n\t\t\t\t\t\t\t\t\t\t\t<figcaption>NEUBAU<\/figcaption>\n\t\t\t\t\t\t\t\t\t\t<\/figure>\n\t\t\t\t\t\t\t\t\t\t<figure>\n\t\t\t\t\t\t\t\t\t\t\t<a href=\"https:\/\/planungsgruppe-muenchen.de\/?page_id=142\">\n\t\t\t\t\t\t\t<img loading=\"lazy\" decoding=\"async\" width=\"1024\" height=\"689\" src=\"https:\/\/planungsgruppe-muenchen.de\/wp-content\/uploads\/2025\/02\/1_K1024__SAM6797-KLS-Terrasse-aussen-1-Kopie-1024x689.jpg\" alt=\"\" srcset=\"https:\/\/planungsgruppe-muenchen.de\/wp-content\/uploads\/2025\/02\/1_K1024__SAM6797-KLS-Terrasse-aussen-1-Kopie-1024x689.jpg 1024w, https:\/\/planungsgruppe-muenchen.de\/wp-content\/uploads\/2025\/02\/1_K1024__SAM6797-KLS-Terrasse-aussen-1-Kopie-300x202.jpg 300w, https:\/\/planungsgruppe-muenchen.de\/wp-content\/uploads\/2025\/02\/1_K1024__SAM6797-KLS-Terrasse-aussen-1-Kopie-768x517.jpg 768w, https:\/\/planungsgruppe-muenchen.de\/wp-content\/uploads\/2025\/02\/1_K1024__SAM6797-KLS-Terrasse-aussen-1-Kopie.jpg 1141w\" sizes=\"auto, (max-width: 1024px) 100vw, 1024px\" \/>\t\t\t\t\t\t\t\t<\/a>\n\t\t\t\t\t\t\t\t\t\t\t<figcaption>UMBAU<\/figcaption>\n\t\t\t\t\t\t\t\t\t\t<\/figure>\n\t\t\t\t\t\t\t\t\t\t<figure>\n\t\t\t\t\t\t\t\t\t\t\t<a href=\"https:\/\/planungsgruppe-muenchen.de\/?page_id=144\">\n\t\t\t\t\t\t\t<img loading=\"lazy\" decoding=\"async\" width=\"1024\" height=\"683\" src=\"https:\/\/planungsgruppe-muenchen.de\/wp-content\/uploads\/2025\/02\/K1024__SAM6691-KLS-Foyer-Innen-6-1024x683.jpg\" alt=\"\" srcset=\"https:\/\/planungsgruppe-muenchen.de\/wp-content\/uploads\/2025\/02\/K1024__SAM6691-KLS-Foyer-Innen-6-1024x683.jpg 1024w, https:\/\/planungsgruppe-muenchen.de\/wp-content\/uploads\/2025\/02\/K1024__SAM6691-KLS-Foyer-Innen-6-300x200.jpg 300w, https:\/\/planungsgruppe-muenchen.de\/wp-content\/uploads\/2025\/02\/K1024__SAM6691-KLS-Foyer-Innen-6-768x512.jpg 768w, https:\/\/planungsgruppe-muenchen.de\/wp-content\/uploads\/2025\/02\/K1024__SAM6691-KLS-Foyer-Innen-6-730x487.jpg 730w, https:\/\/planungsgruppe-muenchen.de\/wp-content\/uploads\/2025\/02\/K1024__SAM6691-KLS-Foyer-Innen-6.jpg 1152w\" sizes=\"auto, (max-width: 1024px) 100vw, 1024px\" \/>\t\t\t\t\t\t\t\t<\/a>\n\t\t\t\t\t\t\t\t\t\t\t<figcaption>INNENARCHITEKTUR<\/figcaption>\n\t\t\t\t\t\t\t\t\t\t<\/figure>","protected":false},"excerpt":{"rendered":"<p>Hier sehen Sie eine Auswahl an Projekten und Referenzen der Planungs-Gruppe M\u00fcnchen. Diese hier sehr knapp und \u00fcbersichtlich dargestellte Projektauswahl dient Ihnen zur \u00dcbersicht \u00fcber unsere Arbeit. NEUBAU UMBAU INNENARCHITEKTUR<\/p>\n","protected":false},"author":1,"featured_media":0,"parent":0,"menu_order":0,"comment_status":"closed","ping_status":"closed","template":"","meta":{"_eb_attr":"","ngg_post_thumbnail":0,"ocean_post_layout":"full-width","ocean_both_sidebars_style":"","ocean_both_sidebars_content_width":0,"ocean_both_sidebars_sidebars_width":0,"ocean_sidebar":"","ocean_second_sidebar":"","ocean_disable_margins":"enable","ocean_add_body_class":"","ocean_shortcode_before_top_bar":"","ocean_shortcode_after_top_bar":"","ocean_shortcode_before_header":"","ocean_shortcode_after_header":"","ocean_has_shortcode":"","ocean_shortcode_after_title":"","ocean_shortcode_before_footer_widgets":"","ocean_shortcode_after_footer_widgets":"","ocean_shortcode_before_footer_bottom":"","ocean_shortcode_after_footer_bottom":"","ocean_display_top_bar":"default","ocean_display_header":"off","ocean_header_style":"","ocean_center_header_left_menu":"","ocean_custom_header_template":"","ocean_custom_logo":0,"ocean_custom_retina_logo":0,"ocean_custom_logo_max_width":0,"ocean_custom_logo_tablet_max_width":0,"ocean_custom_logo_mobile_max_width":0,"ocean_custom_logo_max_height":0,"ocean_custom_logo_tablet_max_height":0,"ocean_custom_logo_mobile_max_height":0,"ocean_header_custom_menu":"","ocean_menu_typo_font_family":"","ocean_menu_typo_font_subset":"","ocean_menu_typo_font_size":0,"ocean_menu_typo_font_size_tablet":0,"ocean_menu_typo_font_size_mobile":0,"ocean_menu_typo_font_size_unit":"px","ocean_menu_typo_font_weight":"","ocean_menu_typo_font_weight_tablet":"","ocean_menu_typo_font_weight_mobile":"","ocean_menu_typo_transform":"","ocean_menu_typo_transform_tablet":"","ocean_menu_typo_transform_mobile":"","ocean_menu_typo_line_height":0,"ocean_menu_typo_line_height_tablet":0,"ocean_menu_typo_line_height_mobile":0,"ocean_menu_typo_line_height_unit":"","ocean_menu_typo_spacing":0,"ocean_menu_typo_spacing_tablet":0,"ocean_menu_typo_spacing_mobile":0,"ocean_menu_typo_spacing_unit":"","ocean_menu_link_color":"","ocean_menu_link_color_hover":"","ocean_menu_link_color_active":"","ocean_menu_link_background":"","ocean_menu_link_hover_background":"","ocean_menu_link_active_background":"","ocean_menu_social_links_bg":"","ocean_menu_social_hover_links_bg":"","ocean_menu_social_links_color":"","ocean_menu_social_hover_links_color":"","ocean_disable_title":"default","ocean_disable_heading":"default","ocean_post_title":"","ocean_post_subheading":"","ocean_post_title_style":"","ocean_post_title_background_color":"","ocean_post_title_background":0,"ocean_post_title_bg_image_position":"","ocean_post_title_bg_image_attachment":"","ocean_post_title_bg_image_repeat":"","ocean_post_title_bg_image_size":"","ocean_post_title_height":0,"ocean_post_title_bg_overlay":0.5,"ocean_post_title_bg_overlay_color":"","ocean_disable_breadcrumbs":"default","ocean_breadcrumbs_color":"","ocean_breadcrumbs_separator_color":"","ocean_breadcrumbs_links_color":"","ocean_breadcrumbs_links_hover_color":"","ocean_display_footer_widgets":"off","ocean_display_footer_bottom":"off","ocean_custom_footer_template":"","footnotes":""},"class_list":["post-10","page","type-page","status-publish","hentry","entry"],"aioseo_notices":[],"_links":{"self":[{"href":"https:\/\/planungsgruppe-muenchen.de\/index.php?rest_route=\/wp\/v2\/pages\/10","targetHints":{"allow":["GET"]}}],"collection":[{"href":"https:\/\/planungsgruppe-muenchen.de\/index.php?rest_route=\/wp\/v2\/pages"}],"about":[{"href":"https:\/\/planungsgruppe-muenchen.de\/index.php?rest_route=\/wp\/v2\/types\/page"}],"author":[{"embeddable":true,"href":"https:\/\/planungsgruppe-muenchen.de\/index.php?rest_route=\/wp\/v2\/users\/1"}],"replies":[{"embeddable":true,"href":"https:\/\/planungsgruppe-muenchen.de\/index.php?rest_route=%2Fwp%2Fv2%2Fcomments&post=10"}],"version-history":[{"count":0,"href":"https:\/\/planungsgruppe-muenchen.de\/index.php?rest_route=\/wp\/v2\/pages\/10\/revisions"}],"wp:attachment":[{"href":"https:\/\/planungsgruppe-muenchen.de\/index.php?rest_route=%2Fwp%2Fv2%2Fmedia&parent=10"}],"curies":[{"name":"wp","href":"https:\/\/api.w.org\/{rel}","templated":true}]}}